{"id":82,"date":"2025-07-09T15:29:57","date_gmt":"2025-07-09T15:29:57","guid":{"rendered":"http:\/\/valeno.local\/homepage\/"},"modified":"2025-07-25T13:07:27","modified_gmt":"2025-07-25T13:07:27","slug":"homepage","status":"publish","type":"page","link":"https:\/\/etcetera.bsb.br\/valene\/","title":{"rendered":"Homepage"},"content":{"rendered":"\t\t<div data-elementor-type=\"wp-page\" data-elementor-id=\"82\" class=\"elementor elementor-82\">\n\t\t\t\t<div class=\"elementor-element elementor-element-4b7dc49b e-con-full e-flex e-con e-parent\" data-id=\"4b7dc49b\" data-element_type=\"container\">\n\t\t\t\t<div class=\"elementor-element elementor-element-84ab523 animated-fast elementor-widget__width-initial elementor-invisible elementor-widget elementor-widget-flex-hero\" data-id=\"84ab523\" data-element_type=\"widget\" data-settings=\"{&quot;layout_preset&quot;:&quot;storytelling&quot;,&quot;primary_button_shape&quot;:&quot;round&quot;,&quot;_animation&quot;:&quot;fadeIn&quot;,&quot;_animation_delay&quot;:&quot;100&quot;,&quot;image_shape&quot;:&quot;sharp&quot;,&quot;box_shape&quot;:&quot;sharp&quot;}\" data-widget_type=\"flex-hero.default\">\n\t\t\t\t<div class=\"elementor-widget-container\">\n\t\t\t\t\t\t\t<div class=\"has-shape-sharp shape-type-box ehp-flex-hero has-layout-preset-storytelling\">\n\t\t\t\t\t\t<div class=\"ehp-flex-hero__overlay\"><\/div>\n\t\t\t<div class=\"ehp-flex-hero__content-container\">\n\t\t\t\t<h2 class=\"ehp-flex-hero__heading\">\"Transformamos metal em design. Cada pe\u00e7a Valene conta uma hist\u00f3ria.\"<\/h2><h3 class=\"ehp-flex-hero__subheading\">Com mais de 30 anos de experi\u00eancia e 20 anos atuando no\nmercado, a Valene entrega excel\u00eancia em estruturas met\u00e1licas sob medida, unindo\nt\u00e9cnica, acabamento e personalidade em cada projeto.<br><br><br><br><\/h3>\t\t\t<div class=\"ehp-flex-hero__ctas-container\">\n\t\t\t\t\t\t\t\t\t\t\t<\/div>\n\t\t\t\t\t<\/div>\n\t\t\t\t<div class=\"ehp-flex-hero__image-wrapper\">\n\t\t\t\t\t<div class=\"ehp-image ehp-flex-hero__image-container\">\n\t\t\t\t<img decoding=\"async\" class=\"ehp-image__img ehp-flex-hero__img has-shape-sharp shape-type-image\" src=\"https:\/\/etcetera.bsb.br\/valene\/wp-content\/uploads\/2025\/07\/33e210a0-a011-4aad-9a3a-870c58f26f02-1-1.jpg\" title=\"33e210a0-a011-4aad-9a3a-870c58f26f02 (1)\" alt=\"33e210a0-a011-4aad-9a3a-870c58f26f02 (1)\" loading=\"lazy\" \/>\t\t\t<\/div>\n\t\t\t\t\t<\/div>\n\t\t\t\t<\/div>\n\t\t\t\t\t\t<\/div>\n\t\t\t\t<\/div>\n\t\t\t\t<\/div>\n\t\t<div class=\"elementor-element elementor-element-54eb51d3 e-grid e-con-full animated-fast elementor-invisible e-con e-parent\" data-id=\"54eb51d3\" data-element_type=\"container\" data-settings=\"{&quot;background_background&quot;:&quot;classic&quot;,&quot;animation&quot;:&quot;fadeIn&quot;,&quot;animation_delay&quot;:&quot;400&quot;}\">\n\t\t\t\t<div class=\"elementor-element elementor-element-27621c77 animated-fast elementor-invisible elementor-widget elementor-widget-heading\" data-id=\"27621c77\" data-element_type=\"widget\" data-settings=\"{&quot;_animation&quot;:&quot;fadeIn&quot;}\" data-widget_type=\"heading.default\">\n\t\t\t\t\t<h2 class=\"elementor-heading-title elementor-size-default\">O que fazemos<\/h2>\t\t\t\t<\/div>\n\t\t\t\t<div class=\"elementor-element elementor-element-e5cb1af animated-fast elementor-invisible elementor-widget elementor-widget-heading\" data-id=\"e5cb1af\" data-element_type=\"widget\" data-settings=\"{&quot;_animation&quot;:&quot;fadeIn&quot;}\" data-widget_type=\"heading.default\">\n\t\t\t\t\t<h2 class=\"elementor-heading-title elementor-size-default\">Da delicadeza ao estrutural. Da decora\u00e7\u00e3o ao essencial. A Valene\nentrega solu\u00e7\u00f5es met\u00e1licas em inox e a\u00e7o corten com precis\u00e3o, criatividade e\nacabamento de alto padr\u00e3o.<br>\n<\/h2>\t\t\t\t<\/div>\n\t\t<div class=\"elementor-element elementor-element-1b752360 e-flex e-con-boxed e-con e-child\" data-id=\"1b752360\" data-element_type=\"container\">\n\t\t\t\t\t<div class=\"e-con-inner\">\n\t\t\t\t<div class=\"elementor-element elementor-element-53213c5 animated-fast elementor-position-top elementor-invisible elementor-widget elementor-widget-image-box\" data-id=\"53213c5\" data-element_type=\"widget\" data-settings=\"{&quot;_animation&quot;:&quot;fadeIn&quot;,&quot;_animation_delay&quot;:&quot;300&quot;}\" data-widget_type=\"image-box.default\">\n\t\t\t\t\t<div class=\"elementor-image-box-wrapper\"><figure class=\"elementor-image-box-img\"><img fetchpriority=\"high\" decoding=\"async\" width=\"2560\" height=\"1920\" src=\"https:\/\/etcetera.bsb.br\/valene\/wp-content\/uploads\/2025\/07\/IMG_8314-scaled.jpg\" class=\"attachment-full size-full wp-image-143\" alt=\"\" srcset=\"https:\/\/etcetera.bsb.br\/valene\/wp-content\/uploads\/2025\/07\/IMG_8314-scaled.jpg 2560w, https:\/\/etcetera.bsb.br\/valene\/wp-content\/uploads\/2025\/07\/IMG_8314-300x225.jpg 300w, https:\/\/etcetera.bsb.br\/valene\/wp-content\/uploads\/2025\/07\/IMG_8314-1024x768.jpg 1024w, https:\/\/etcetera.bsb.br\/valene\/wp-content\/uploads\/2025\/07\/IMG_8314-768x576.jpg 768w, https:\/\/etcetera.bsb.br\/valene\/wp-content\/uploads\/2025\/07\/IMG_8314-1536x1152.jpg 1536w, https:\/\/etcetera.bsb.br\/valene\/wp-content\/uploads\/2025\/07\/IMG_8314-2048x1536.jpg 2048w, https:\/\/etcetera.bsb.br\/valene\/wp-content\/uploads\/2025\/07\/IMG_8314-600x450.jpg 600w\" sizes=\"(max-width: 2560px) 100vw, 2560px\" \/><\/figure><div class=\"elementor-image-box-content\"><h3 class=\"elementor-image-box-title\">Paineis &amp; Fachadas Exclusivos<\/h3><\/div><\/div>\t\t\t\t<\/div>\n\t\t\t\t\t<\/div>\n\t\t\t\t<\/div>\n\t\t\t\t<div class=\"elementor-element elementor-element-5ad11a12 animated-fast elementor-position-top elementor-invisible elementor-widget elementor-widget-image-box\" data-id=\"5ad11a12\" data-element_type=\"widget\" data-settings=\"{&quot;_animation&quot;:&quot;fadeIn&quot;,&quot;_animation_delay&quot;:&quot;100&quot;}\" data-widget_type=\"image-box.default\">\n\t\t\t\t\t<div class=\"elementor-image-box-wrapper\"><figure class=\"elementor-image-box-img\"><img decoding=\"async\" width=\"1536\" height=\"2048\" src=\"https:\/\/etcetera.bsb.br\/valene\/wp-content\/uploads\/2025\/07\/IMG_1924.jpeg\" class=\"attachment-full size-full wp-image-139\" alt=\"\" srcset=\"https:\/\/etcetera.bsb.br\/valene\/wp-content\/uploads\/2025\/07\/IMG_1924.jpeg 1536w, https:\/\/etcetera.bsb.br\/valene\/wp-content\/uploads\/2025\/07\/IMG_1924-225x300.jpeg 225w, https:\/\/etcetera.bsb.br\/valene\/wp-content\/uploads\/2025\/07\/IMG_1924-768x1024.jpeg 768w, https:\/\/etcetera.bsb.br\/valene\/wp-content\/uploads\/2025\/07\/IMG_1924-1152x1536.jpeg 1152w, https:\/\/etcetera.bsb.br\/valene\/wp-content\/uploads\/2025\/07\/IMG_1924-600x800.jpeg 600w\" sizes=\"(max-width: 1536px) 100vw, 1536px\" \/><\/figure><div class=\"elementor-image-box-content\"><h3 class=\"elementor-image-box-title\">Pergolados &amp; Estruturas Arquitet\u00f4nicas<\/h3><\/div><\/div>\t\t\t\t<\/div>\n\t\t\t\t<div class=\"elementor-element elementor-element-a04b207 animated-fast elementor-position-top elementor-invisible elementor-widget elementor-widget-image-box\" data-id=\"a04b207\" data-element_type=\"widget\" data-settings=\"{&quot;_animation&quot;:&quot;fadeIn&quot;,&quot;_animation_delay&quot;:&quot;300&quot;}\" data-widget_type=\"image-box.default\">\n\t\t\t\t\t<div class=\"elementor-image-box-wrapper\"><figure class=\"elementor-image-box-img\"><img decoding=\"async\" width=\"2048\" height=\"1536\" src=\"https:\/\/etcetera.bsb.br\/valene\/wp-content\/uploads\/2025\/07\/IMG_6617-2.jpeg\" class=\"attachment-full size-full wp-image-144\" alt=\"\" srcset=\"https:\/\/etcetera.bsb.br\/valene\/wp-content\/uploads\/2025\/07\/IMG_6617-2.jpeg 2048w, https:\/\/etcetera.bsb.br\/valene\/wp-content\/uploads\/2025\/07\/IMG_6617-2-300x225.jpeg 300w, https:\/\/etcetera.bsb.br\/valene\/wp-content\/uploads\/2025\/07\/IMG_6617-2-1024x768.jpeg 1024w, https:\/\/etcetera.bsb.br\/valene\/wp-content\/uploads\/2025\/07\/IMG_6617-2-768x576.jpeg 768w, https:\/\/etcetera.bsb.br\/valene\/wp-content\/uploads\/2025\/07\/IMG_6617-2-1536x1152.jpeg 1536w, https:\/\/etcetera.bsb.br\/valene\/wp-content\/uploads\/2025\/07\/IMG_6617-2-600x450.jpeg 600w\" sizes=\"(max-width: 2048px) 100vw, 2048px\" \/><\/figure><div class=\"elementor-image-box-content\"><h3 class=\"elementor-image-box-title\">Escadas &amp; Corrim\u00e3os<\/h3><\/div><\/div>\t\t\t\t<\/div>\n\t\t\t\t<\/div>\n\t\t<div class=\"elementor-element elementor-element-3d3f7a09 e-con-full e-flex e-con e-parent\" data-id=\"3d3f7a09\" data-element_type=\"container\">\n\t\t\t\t<div class=\"elementor-element elementor-element-66de2060 e-transform elementor-widget elementor-widget-image\" data-id=\"66de2060\" data-element_type=\"widget\" data-settings=\"{&quot;_transform_flipX_effect&quot;:&quot;transform&quot;}\" data-widget_type=\"image.default\">\n\t\t\t\t\t\t\t\t\t\t\t\t\t\t\t<img loading=\"lazy\" decoding=\"async\" width=\"2048\" height=\"767\" src=\"https:\/\/etcetera.bsb.br\/valene\/wp-content\/uploads\/2025\/07\/IMG_0981-1-1.jpeg\" class=\"attachment-2048x2048 size-2048x2048 wp-image-277\" alt=\"\" srcset=\"https:\/\/etcetera.bsb.br\/valene\/wp-content\/uploads\/2025\/07\/IMG_0981-1-1.jpeg 2048w, https:\/\/etcetera.bsb.br\/valene\/wp-content\/uploads\/2025\/07\/IMG_0981-1-1-300x112.jpeg 300w, https:\/\/etcetera.bsb.br\/valene\/wp-content\/uploads\/2025\/07\/IMG_0981-1-1-1024x384.jpeg 1024w, https:\/\/etcetera.bsb.br\/valene\/wp-content\/uploads\/2025\/07\/IMG_0981-1-1-768x288.jpeg 768w, https:\/\/etcetera.bsb.br\/valene\/wp-content\/uploads\/2025\/07\/IMG_0981-1-1-1536x575.jpeg 1536w, https:\/\/etcetera.bsb.br\/valene\/wp-content\/uploads\/2025\/07\/IMG_0981-1-1-600x225.jpeg 600w\" sizes=\"(max-width: 2048px) 100vw, 2048px\" \/>\t\t\t\t\t\t\t\t\t\t\t\t\t\t\t<\/div>\n\t\t\t\t<\/div>\n\t\t<div class=\"elementor-element elementor-element-d850ed0 e-flex e-con-boxed e-con e-parent\" data-id=\"d850ed0\" data-element_type=\"container\">\n\t\t\t\t\t<div class=\"e-con-inner\">\n\t\t\t\t<div class=\"elementor-element elementor-element-0d523cf elementor-widget elementor-widget-google_maps\" data-id=\"0d523cf\" data-element_type=\"widget\" data-widget_type=\"google_maps.default\">\n\t\t\t\t\t\t\t<div class=\"elementor-custom-embed\">\n\t\t\t<iframe loading=\"lazy\"\n\t\t\t\t\tsrc=\"https:\/\/maps.google.com\/maps?q=Valene%20Metais%20e%20Servi%C3%A7os&#038;t=m&#038;z=10&#038;output=embed&#038;iwloc=near\"\n\t\t\t\t\ttitle=\"Valene Metais e Servi\u00e7os\"\n\t\t\t\t\taria-label=\"Valene Metais e Servi\u00e7os\"\n\t\t\t><\/iframe>\n\t\t<\/div>\n\t\t\t\t\t\t<\/div>\n\t\t\t\t\t<\/div>\n\t\t\t\t<\/div>\n\t\t<div class=\"elementor-element elementor-element-23fcae3d e-con-full e-flex e-con e-parent\" data-id=\"23fcae3d\" data-element_type=\"container\">\n\t\t\t\t<div class=\"elementor-element elementor-element-4e294168 animated-fast elementor-invisible elementor-widget elementor-widget-cta\" data-id=\"4e294168\" data-element_type=\"widget\" data-settings=\"{&quot;primary_button_shape&quot;:&quot;round&quot;,&quot;secondary_button_shape&quot;:&quot;round&quot;,&quot;_animation&quot;:&quot;fadeIn&quot;,&quot;_animation_delay&quot;:&quot;100&quot;,&quot;layout_preset&quot;:&quot;streamline&quot;,&quot;cta_width_mobile&quot;:&quot;stretch&quot;,&quot;content_alignment&quot;:&quot;center&quot;,&quot;content_alignment_tablet&quot;:&quot;center&quot;,&quot;content_alignment_mobile&quot;:&quot;center&quot;,&quot;cta_width&quot;:&quot;default&quot;,&quot;cta_position&quot;:&quot;default&quot;,&quot;box_shape&quot;:&quot;sharp&quot;}\" data-widget_type=\"cta.default\">\n\t\t\t\t<div class=\"elementor-widget-container\">\n\t\t\t\t\t\t\t<div class=\"has-shape-sharp shape-type-box ehp-cta has-preset-streamline\">\n\t\t\t<div class=\"ehp-cta__overlay\"><\/div>\n\t\t\t<div class=\"ehp-cta__elements-container\">\n\t\t\t\t\t\t<div class=\"ehp-cta__text-container\">\n\t\t\t<h2 class=\"ehp-cta__heading\">Portf\u00f3lio Completo<\/h2><p class=\"ehp-cta__description\">Entre em contato agora e explore nosso portf\u00f3lio completo \u2013 inspire-se com o que podemos fazer por voc\u00ea!<\/p>\t\t<\/div>\n\t\t\t\t\t<div class=\"ehp-cta__ctas-container has-cta-width-default has-cta-width-sm-stretch\">\n\t\t\t\t<div class=\"ehp-cta__buttons-wrapper\">\n\t\t\t\t\t\t\t<a class=\"has-shape-round shape-type-button ehp-button ehp-button--primary ehp-cta__button ehp-cta__button--primary is-type-button has-border\" href=\"https:\/\/api.whatsapp.com\/send\/?phone=5562984267659\" target=\"_blank\">\n\t\t\t<svg aria-hidden=\"true\" class=\"ehp-button__icon e-font-icon-svg e-fab-whatsapp\" 0=\"ehp-cta__button-icon\" viewBox=\"0 0 448 512\" xmlns=\"http:\/\/www.w3.org\/2000\/svg\"><path d=\"M380.9 97.1C339 55.1 283.2 32 223.9 32c-122.4 0-222 99.6-222 222 0 39.1 10.2 77.3 29.6 111L0 480l117.7-30.9c32.4 17.7 68.9 27 106.1 27h.1c122.3 0 224.1-99.6 224.1-222 0-59.3-25.2-115-67.1-157zm-157 341.6c-33.2 0-65.7-8.9-94-25.7l-6.7-4-69.8 18.3L72 359.2l-4.4-7c-18.5-29.4-28.2-63.3-28.2-98.2 0-101.7 82.8-184.5 184.6-184.5 49.3 0 95.6 19.2 130.4 54.1 34.8 34.9 56.2 81.2 56.1 130.5 0 101.8-84.9 184.6-186.6 184.6zm101.2-138.2c-5.5-2.8-32.8-16.2-37.9-18-5.1-1.9-8.8-2.8-12.5 2.8-3.7 5.6-14.3 18-17.6 21.8-3.2 3.7-6.5 4.2-12 1.4-32.6-16.3-54-29.1-75.5-66-5.7-9.8 5.7-9.1 16.3-30.3 1.8-3.7.9-6.9-.5-9.7-1.4-2.8-12.5-30.1-17.1-41.2-4.5-10.8-9.1-9.3-12.5-9.5-3.2-.2-6.9-.2-10.6-.2-3.7 0-9.7 1.4-14.8 6.9-5.1 5.6-19.4 19-19.4 46.3 0 27.3 19.9 53.7 22.6 57.4 2.8 3.7 39.1 59.7 94.8 83.8 35.2 15.2 49 16.5 66.6 13.9 10.7-1.6 32.8-13.4 37.4-26.4 4.6-13 4.6-24.1 3.2-26.4-1.3-2.5-5-3.9-10.5-6.6z\"><\/path><\/svg>\t\t<span class=\"ehp-button__text ehp-cta__button-text ehp-cta__button-text--primary\">\n\t\t\tWhatsapp\t\t\t\t<\/a>\n\t\t\t\t\t\t\t\t\t<a class=\"has-shape-round shape-type-button ehp-button ehp-button--secondary ehp-cta__button ehp-cta__button--secondary is-type-button has-border\" href=\"https:\/\/gamma.app\/docs\/Catalogo-Valene-Metais-e-Servicos-Beta-Mobile-kpesm38ewdhm959\">\n\t\t\t\t\t<span class=\"ehp-button__text ehp-cta__button-text ehp-cta__button-text--secondary\">\n\t\t\tPortf\u00f3lio\t\t\t\t<\/a>\n\t\t\t\t\t\t<\/div>\n\t\t\t<\/div>\n\t\t\t\t\t<\/div>\n\t\t<\/div>\n\t\t\t\t\t\t<\/div>\n\t\t\t\t<\/div>\n\t\t\t\t<\/div>\n\t\t\t\t<\/div>\n\t\t","protected":false},"excerpt":{"rendered":"<p>&#8220;Transformamos metal em design. Cada pe\u00e7a Valene conta uma hist\u00f3ria.&#8221; Com mais de 30 anos de experi\u00eancia e 20 anos atuando no mercado, a Valene entrega excel\u00eancia em estruturas met\u00e1licas sob medida, unindo t\u00e9cnica, acabamento e personalidade em cada projeto. O que fazemos Da delicadeza ao estrutural. Da decora\u00e7\u00e3o ao essencial. A Valene entrega solu\u00e7\u00f5es [&hellip;]<\/p>\n","protected":false},"author":1,"featured_media":0,"parent":0,"menu_order":0,"comment_status":"closed","ping_status":"closed","template":"elementor_header_footer","meta":{"footnotes":""},"class_list":["post-82","page","type-page","status-publish","hentry"],"_links":{"self":[{"href":"https:\/\/etcetera.bsb.br\/valene\/wp-json\/wp\/v2\/pages\/82","targetHints":{"allow":["GET"]}}],"collection":[{"href":"https:\/\/etcetera.bsb.br\/valene\/wp-json\/wp\/v2\/pages"}],"about":[{"href":"https:\/\/etcetera.bsb.br\/valene\/wp-json\/wp\/v2\/types\/page"}],"author":[{"embeddable":true,"href":"https:\/\/etcetera.bsb.br\/valene\/wp-json\/wp\/v2\/users\/1"}],"replies":[{"embeddable":true,"href":"https:\/\/etcetera.bsb.br\/valene\/wp-json\/wp\/v2\/comments?post=82"}],"version-history":[{"count":88,"href":"https:\/\/etcetera.bsb.br\/valene\/wp-json\/wp\/v2\/pages\/82\/revisions"}],"predecessor-version":[{"id":304,"href":"https:\/\/etcetera.bsb.br\/valene\/wp-json\/wp\/v2\/pages\/82\/revisions\/304"}],"wp:attachment":[{"href":"https:\/\/etcetera.bsb.br\/valene\/wp-json\/wp\/v2\/media?parent=82"}],"curies":[{"name":"wp","href":"https:\/\/api.w.org\/{rel}","templated":true}]}}